{"id":5879,"date":"2020-03-12T12:34:30","date_gmt":"2020-03-12T11:34:30","guid":{"rendered":"http:\/\/burde.com\/se\/?page_id=5879"},"modified":"2020-03-12T12:34:40","modified_gmt":"2020-03-12T11:34:40","slug":"namntryck","status":"publish","type":"page","link":"https:\/\/b2b.burde.com\/se\/namntryck\/","title":{"rendered":"Namntryck"},"content":{"rendered":"\n<h3>Instruktioner f\u00f6r namntryck<\/h3>\n<p>Varf\u00f6r inte g\u00f6ra er kalender mer personlig? Vi har stora m\u00f6jligheter att namntrycka era kalendrar i flera olika f\u00e4rger med v\u00e5r moderna namntrycksmaskin.<\/p>\n<p><strong>Namnlistor \u00f6nskas i rena textfiler med plan text.<\/strong><\/p>\n<p><strong>Alternativ 1:<\/strong><\/p>\nNi kan skriva in namnen i &#8220;Anteckningar&#8221;.<br>\nG\u00e5 in under Program, Tillbeh\u00f6r och sen Anteckningar.<br>\nD\u00f6p dokumentet med F\u00f6retagsnamn och d\u00e4refter Personnamnslista.\n<strong>Alternativ 2:<\/strong><br>\nSkriver ni namnen i Word s\u00e5 spara d\u00e5 namnen p\u00e5 f\u00f6ljande s\u00e4tt:<br>\nArkiv &#8211; Spara som, vid filnamn kan ni d\u00f6pa dokumentet till F\u00f6retagsnamn f\u00f6rst och sen Personnamnslista,<br>\nvid Filformat v\u00e4lj Oformaterad text &#8211; Spara &#8211; Ok.\n<strong>Inneh\u00e5ll i namnlistan:<\/strong><br>\nSkriv namnen i en kolumn,&nbsp;<strong>alltid<\/strong>&nbsp;med f\u00f6rnamnet f\u00f6rst. Skriv endast namnen, inga meddelande, inga rubriker eller siffror f\u00f6re namnen, g\u00f6r heller inga blankrader mellan namnen.\n<p>Namnen f\u00e5r&nbsp;<strong>inte<\/strong>&nbsp;skrivas direkt i mail, utan m\u00e5ste sparas i ett dokument enligt ovan.<\/p>\n<p>Packinstruktioner m.m. skall sammanst\u00e4llas p\u00e5 ett separat dokument.<\/p>\n<p><strong>Standard p\u00e5 namnen<\/strong>&nbsp;kommer att bli Helvetica 12 punkter Versaler och Gemener.<\/p>\n<p><strong>Om kunden enbart vill ha VERSALER s\u00e5 skriv namnen p\u00e5 det s\u00e4ttet. Ex: PETER KARLSSON.<\/strong><\/p>\nSom namnen \u00e4r skrivna i ert dokument, s\u00e5 blir de vid tryck.<br>\n&#8220;L\u00e5nga namn&#8221; kan vi med nya tekniken nu l\u00e4tt g\u00f6ra p\u00e5 2 rader.\n","protected":false},"excerpt":{"rendered":"<p>Instruktioner f\u00f6r namntryck Varf\u00f6r inte g\u00f6ra er kalender mer personlig? Vi har stora m\u00f6jligheter att namntrycka era kalendrar i flera olika f\u00e4rger med v\u00e5r moderna namntrycksmaskin. Namnlistor \u00f6nskas i rena textfiler med plan text. Alternativ 1: Ni kan skriva in namnen i &#8220;Anteckningar&#8221;. G\u00e5 in under Program, Tillbeh\u00f6r och sen Anteckningar. D\u00f6p dokumentet med F\u00f6retagsnamn [&hellip;]<\/p>\n","protected":false},"author":1,"featured_media":0,"parent":0,"menu_order":0,"comment_status":"closed","ping_status":"closed","template":"","meta":{"_acf_changed":false,"site-sidebar-layout":"default","site-content-layout":"default","ast-site-content-layout":"","site-content-style":"default","site-sidebar-style":"default","ast-global-header-display":"","ast-banner-title-visibility":"","ast-main-header-display":"","ast-hfb-above-header-display":"","ast-hfb-below-header-display":"","ast-hfb-mobile-header-display":"","site-post-title":"disabled","ast-breadcrumbs-content":"","ast-featured-img":"","footer-sml-layout":"","theme-transparent-header-meta":"default","adv-header-id-meta":"","stick-header-meta":"default","header-above-stick-meta":"","header-main-stick-meta":"","header-below-stick-meta":"","astra-migrate-meta-layouts":"default","ast-page-background-enabled":"default","ast-page-background-meta":{"desktop":{"background-color":"","background-image":"","background-repeat":"repeat","background-position":"center center","background-size":"auto","background-attachment":"scroll","background-type":"","background-media":"","overlay-type":"","overlay-color":"","overlay-opacity":"","overlay-gradient":""},"tablet":{"background-color":"","background-image":"","background-repeat":"repeat","background-position":"center center","background-size":"auto","background-attachment":"scroll","background-type":"","background-media":"","overlay-type":"","overlay-color":"","overlay-opacity":"","overlay-gradient":""},"mobile":{"background-color":"","background-image":"","background-repeat":"repeat","background-position":"center center","background-size":"auto","background-attachment":"scroll","background-type":"","background-media":"","overlay-type":"","overlay-color":"","overlay-opacity":"","overlay-gradient":""}},"ast-content-background-meta":{"desktop":{"background-color":"var(--ast-global-color-5)","background-image":"","background-repeat":"repeat","background-position":"center center","background-size":"auto","background-attachment":"scroll","background-type":"","background-media":"","overlay-type":"","overlay-color":"","overlay-opacity":"","overlay-gradient":""},"tablet":{"background-color":"var(--ast-global-color-5)","background-image":"","background-repeat":"repeat","background-position":"center center","background-size":"auto","background-attachment":"scroll","background-type":"","background-media":"","overlay-type":"","overlay-color":"","overlay-opacity":"","overlay-gradient":""},"mobile":{"background-color":"var(--ast-global-color-5)","background-image":"","background-repeat":"repeat","background-position":"center center","background-size":"auto","background-attachment":"scroll","background-type":"","background-media":"","overlay-type":"","overlay-color":"","overlay-opacity":"","overlay-gradient":""}},"footnotes":""},"class_list":["post-5879","page","type-page","status-publish","hentry",""],"acf":[],"_links":{"self":[{"href":"https:\/\/b2b.burde.com\/se\/wp-json\/wp\/v2\/pages\/5879"}],"collection":[{"href":"https:\/\/b2b.burde.com\/se\/wp-json\/wp\/v2\/pages"}],"about":[{"href":"https:\/\/b2b.burde.com\/se\/wp-json\/wp\/v2\/types\/page"}],"author":[{"embeddable":true,"href":"https:\/\/b2b.burde.com\/se\/wp-json\/wp\/v2\/users\/1"}],"replies":[{"embeddable":true,"href":"https:\/\/b2b.burde.com\/se\/wp-json\/wp\/v2\/comments?post=5879"}],"version-history":[{"count":0,"href":"https:\/\/b2b.burde.com\/se\/wp-json\/wp\/v2\/pages\/5879\/revisions"}],"wp:attachment":[{"href":"https:\/\/b2b.burde.com\/se\/wp-json\/wp\/v2\/media?parent=5879"}],"curies":[{"name":"wp","href":"https:\/\/api.w.org\/{rel}","templated":true}]}}