{"id":5780,"date":"2020-03-12T08:25:05","date_gmt":"2020-03-12T07:25:05","guid":{"rendered":"http:\/\/burde.com\/se\/?page_id=5780"},"modified":"2025-03-25T15:48:35","modified_gmt":"2025-03-25T14:48:35","slug":"sortiment","status":"publish","type":"page","link":"https:\/\/b2b.burde.com\/se\/sortiment\/","title":{"rendered":"Sortiment"},"content":{"rendered":"\n\n\t\t\t<h2>Sortiment<\/h2>\t\t\t\n\t\t\t\t<p>V\u00e5ra produkter \u00e4r utformade f\u00f6r att hj\u00e4lpa dig att prioritera, planera och organisera din tid, s\u00e5 att du kan fokusera p\u00e5 det som verkligen betyder n\u00e5got f\u00f6r dig.<\/p>\n\t\t\t\t<img decoding=\"async\" src=\"http:\/\/burde.com\/se\/wp-content\/uploads\/sites\/2\/2020\/01\/99108400-600x600.jpg\" alt=\"99108400\" itemprop=\"image\" title=\"99108400\" onerror=\"this.style.display='none'\"  \/>\n\t\t<ul>\n<li>\n\t<a href=\"https:\/\/burde.com\/se\/produkter\/kalender\/kalender-2022\/\" target=\"_blank\" rel=\"noopener\"><img decoding=\"async\" src=\"https:\/\/burde.com\/se\/wp-content\/uploads\/sites\/2\/2020\/01\/99108400-miljo-2.jpg\" alt=\"Kalender 2022\" width=\"300\" height=\"300\" srcset=\"https:\/\/burde.com\/se\/wp-content\/uploads\/sites\/2\/2020\/01\/99108400-miljo-2.jpg 2560w, https:\/\/burde.com\/se\/wp-content\/uploads\/sites\/2\/2020\/01\/99108400-miljo-2-600x600.jpg 600w, https:\/\/burde.com\/se\/wp-content\/uploads\/sites\/2\/2020\/01\/99108400-miljo-2-1200x1200.jpg 1200w, https:\/\/burde.com\/se\/wp-content\/uploads\/sites\/2\/2020\/01\/99108400-miljo-2-150x150.jpg 150w, https:\/\/burde.com\/se\/wp-content\/uploads\/sites\/2\/2020\/01\/99108400-miljo-2-768x768.jpg 768w, https:\/\/burde.com\/se\/wp-content\/uploads\/sites\/2\/2020\/01\/99108400-miljo-2-1536x1536.jpg 1536w, https:\/\/burde.com\/se\/wp-content\/uploads\/sites\/2\/2020\/01\/99108400-miljo-2-2048x2048.jpg 2048w\" sizes=\"(max-width: 300px) 100vw, 300px\" \/><h2>Kalender 2022<\/h2><mark>394 Products<\/mark><\/a><\/li>\n<li>\n\t<a href=\"https:\/\/burde.com\/se\/produkter\/stationery\/\" target=\"_blank\" rel=\"noopener\"><img decoding=\"async\" src=\"https:\/\/burde.com\/se\/wp-content\/uploads\/sites\/2\/2020\/01\/92734800-anteckningsbok-gron-miljobild.jpg\" alt=\"Stationery\" width=\"300\" height=\"300\" srcset=\"https:\/\/burde.com\/se\/wp-content\/uploads\/sites\/2\/2020\/01\/92734800-anteckningsbok-gron-miljobild.jpg 1280w, https:\/\/burde.com\/se\/wp-content\/uploads\/sites\/2\/2020\/01\/92734800-anteckningsbok-gron-miljobild-600x600.jpg 600w, https:\/\/burde.com\/se\/wp-content\/uploads\/sites\/2\/2020\/01\/92734800-anteckningsbok-gron-miljobild-1200x1200.jpg 1200w, https:\/\/burde.com\/se\/wp-content\/uploads\/sites\/2\/2020\/01\/92734800-anteckningsbok-gron-miljobild-150x150.jpg 150w, https:\/\/burde.com\/se\/wp-content\/uploads\/sites\/2\/2020\/01\/92734800-anteckningsbok-gron-miljobild-768x768.jpg 768w\" sizes=\"(max-width: 300px) 100vw, 300px\" \/><h2>Stationery<\/h2><mark>238 Products<\/mark><\/a><\/li>\n<li>\n\t<a href=\"https:\/\/burde.com\/se\/produkter\/kalender\/studiekalender-21-22\/\" target=\"_blank\" rel=\"noopener\"><img decoding=\"async\" src=\"https:\/\/burde.com\/se\/wp-content\/uploads\/sites\/2\/2020\/01\/99108300-miljo.jpg\" alt=\"Studiekalender 21\/22\" width=\"300\" height=\"300\" srcset=\"https:\/\/burde.com\/se\/wp-content\/uploads\/sites\/2\/2020\/01\/99108300-miljo.jpg 2560w, https:\/\/burde.com\/se\/wp-content\/uploads\/sites\/2\/2020\/01\/99108300-miljo-600x600.jpg 600w, https:\/\/burde.com\/se\/wp-content\/uploads\/sites\/2\/2020\/01\/99108300-miljo-1200x1200.jpg 1200w, https:\/\/burde.com\/se\/wp-content\/uploads\/sites\/2\/2020\/01\/99108300-miljo-150x150.jpg 150w, https:\/\/burde.com\/se\/wp-content\/uploads\/sites\/2\/2020\/01\/99108300-miljo-768x768.jpg 768w, https:\/\/burde.com\/se\/wp-content\/uploads\/sites\/2\/2020\/01\/99108300-miljo-1536x1536.jpg 1536w, https:\/\/burde.com\/se\/wp-content\/uploads\/sites\/2\/2020\/01\/99108300-miljo-2048x2048.jpg 2048w\" sizes=\"(max-width: 300px) 100vw, 300px\" \/><h2>Studiekalender 21\/22<\/h2><mark>94 Products<\/mark><\/a><\/li>\n<\/ul>\n\n","protected":false},"excerpt":{"rendered":"<p>Sortiment V\u00e5ra produkter \u00e4r utformade f\u00f6r att hj\u00e4lpa dig att prioritera, planera och organisera din tid, s\u00e5 att du kan fokusera p\u00e5 det som verkligen betyder n\u00e5got f\u00f6r dig. Kalender 2022 394 Products Stationery 238 Products Studiekalender 21\/22 94 Products<\/p>\n","protected":false},"author":1,"featured_media":0,"parent":0,"menu_order":0,"comment_status":"closed","ping_status":"closed","template":"","meta":{"_acf_changed":false,"site-sidebar-layout":"default","site-content-layout":"default","ast-site-content-layout":"default","site-content-style":"default","site-sidebar-style":"default","ast-global-header-display":"","ast-banner-title-visibility":"","ast-main-header-display":"","ast-hfb-above-header-display":"","ast-hfb-below-header-display":"","ast-hfb-mobile-header-display":"","site-post-title":"disabled","ast-breadcrumbs-content":"","ast-featured-img":"","footer-sml-layout":"","theme-transparent-header-meta":"default","adv-header-id-meta":"","stick-header-meta":"default","header-above-stick-meta":"","header-main-stick-meta":"","header-below-stick-meta":"","astra-migrate-meta-layouts":"set","ast-page-background-enabled":"default","ast-page-background-meta":{"desktop":{"background-color":"","background-image":"","background-repeat":"repeat","background-position":"center center","background-size":"auto","background-attachment":"scroll","background-type":"","background-media":"","overlay-type":"","overlay-color":"","overlay-opacity":"","overlay-gradient":""},"tablet":{"background-color":"","background-image":"","background-repeat":"repeat","background-position":"center center","background-size":"auto","background-attachment":"scroll","background-type":"","background-media":"","overlay-type":"","overlay-color":"","overlay-opacity":"","overlay-gradient":""},"mobile":{"background-color":"","background-image":"","background-repeat":"repeat","background-position":"center center","background-size":"auto","background-attachment":"scroll","background-type":"","background-media":"","overlay-type":"","overlay-color":"","overlay-opacity":"","overlay-gradient":""}},"ast-content-background-meta":{"desktop":{"background-color":"var(--ast-global-color-5)","background-image":"","background-repeat":"repeat","background-position":"center center","background-size":"auto","background-attachment":"scroll","background-type":"","background-media":"","overlay-type":"","overlay-color":"","overlay-opacity":"","overlay-gradient":""},"tablet":{"background-color":"var(--ast-global-color-5)","background-image":"","background-repeat":"repeat","background-position":"center center","background-size":"auto","background-attachment":"scroll","background-type":"","background-media":"","overlay-type":"","overlay-color":"","overlay-opacity":"","overlay-gradient":""},"mobile":{"background-color":"var(--ast-global-color-5)","background-image":"","background-repeat":"repeat","background-position":"center center","background-size":"auto","background-attachment":"scroll","background-type":"","background-media":"","overlay-type":"","overlay-color":"","overlay-opacity":"","overlay-gradient":""}},"footnotes":""},"class_list":["post-5780","page","type-page","status-publish","hentry",""],"acf":[],"_links":{"self":[{"href":"https:\/\/b2b.burde.com\/se\/wp-json\/wp\/v2\/pages\/5780"}],"collection":[{"href":"https:\/\/b2b.burde.com\/se\/wp-json\/wp\/v2\/pages"}],"about":[{"href":"https:\/\/b2b.burde.com\/se\/wp-json\/wp\/v2\/types\/page"}],"author":[{"embeddable":true,"href":"https:\/\/b2b.burde.com\/se\/wp-json\/wp\/v2\/users\/1"}],"replies":[{"embeddable":true,"href":"https:\/\/b2b.burde.com\/se\/wp-json\/wp\/v2\/comments?post=5780"}],"version-history":[{"count":15,"href":"https:\/\/b2b.burde.com\/se\/wp-json\/wp\/v2\/pages\/5780\/revisions"}],"predecessor-version":[{"id":23079,"href":"https:\/\/b2b.burde.com\/se\/wp-json\/wp\/v2\/pages\/5780\/revisions\/23079"}],"wp:attachment":[{"href":"https:\/\/b2b.burde.com\/se\/wp-json\/wp\/v2\/media?parent=5780"}],"curies":[{"name":"wp","href":"https:\/\/api.w.org\/{rel}","templated":true}]}}