{"id":2187,"date":"2020-03-10T10:10:17","date_gmt":"2020-03-10T09:10:17","guid":{"rendered":"http:\/\/burde.com\/se\/?page_id=2187"},"modified":"2025-09-17T08:41:02","modified_gmt":"2025-09-17T06:41:02","slug":"kataloger-bestallningslistor-media","status":"publish","type":"page","link":"https:\/\/b2b.burde.com\/se\/kataloger-bestallningslistor-media\/","title":{"rendered":"Kataloger, best\u00e4llningslistor &#038; media"},"content":{"rendered":"\n\n\t\t\t<h2>Kataloger, best\u00e4llningslistor &#038; media<\/h2>\t\t\t\n\t\t\t\t<p>Material f\u00f6r att l\u00e4sa\/ladda ner<\/p>\n<p>H\u00e4r ni kan ladda hem eller bl\u00e4ddra direkt i v\u00e5ra kataloger, broschyrer, produktblad mm.<\/p>\n\t\t\t\t<img decoding=\"async\" src=\"http:\/\/burde.com\/se\/wp-content\/uploads\/sites\/2\/2020\/01\/burde-kollage-600x600.jpg\" alt=\"burde-kollage\" itemprop=\"image\" title=\"burde-kollage\" onerror=\"this.style.display='none'\"  \/>\n<h2>\n\t\tBilder\n\t<\/h2>\n\t\t<h4>\u00c5rskalendrar 2026<\/h4>\n\t\t\t\t<p>Filnamn med art.nr<\/p>\n\t\t\t<a href=\"https:\/\/www.dropbox.com\/scl\/fi\/6a9yvzkf3sf2u3xih6hmq\/SE-2026.zip?rlkey=ofy8jen53pg47gmburarl70te&#038;dl=1\" title=\"Click Here\" target=\"_self\" role=\"button\" aria-label=\"Ladda ner (.zip)\" rel=\"noopener\">\n\t\t\t\t\t\t\t\t\t\t\tLadda ner (.zip)\n\t\t<\/a>\n\t\t<h4>Skolkalendrar 25\/26<\/h4>\n\t\t\t\t<p>Filnamn med art.nr<\/p>\n\t\t\t<a href=\"https:\/\/www.dropbox.com\/scl\/fi\/m6rn9a5qkcmjgl0ktauwg\/SE-25-26.zip?rlkey=hgkxw5cndcltaxf6w78nxe68c&#038;dl=1\" title=\"Click Here\" target=\"_self\" role=\"button\" aria-label=\"Ladda ner (.zip)\" rel=\"noopener\">\n\t\t\t\t\t\t\t\t\t\t\tLadda ner (.zip)\n\t\t<\/a>\n\t\t<h4>Stationery<\/h4>\n\t\t\t\t<p>Filnamn med art.nr<\/p>\n\t\t\t<a href=\"https:\/\/www.dropbox.com\/scl\/fi\/48aki1p0dzdnj0jcud979\/Stationery-SE.zip?rlkey=gyp2gk38dglugt56hevwtn7x3&#038;dl=1\" title=\"Click Here\" target=\"_self\" role=\"button\" aria-label=\"Ladda ner (.zip)\" rel=\"noopener\">\n\t\t\t\t\t\t\t\t\t\t\tLadda ner (.zip)\n\t\t<\/a>\n\t\t<h4>Papperix<\/h4>\n\t\t\t\t<p>Filnamn med art.nr<\/p>\n\t\t\t<a href=\"https:\/\/www.dropbox.com\/scl\/fi\/sbh330gl9ovuu73unw2xg\/Papperix.zip?rlkey=fqwcgatiif23st0ydwsfos7j6&#038;dl=1\" title=\"Click Here\" target=\"_self\" role=\"button\" aria-label=\"Ladda ner (.zip)\" rel=\"noopener\">\n\t\t\t\t\t\t\t\t\t\t\tLadda ner (.zip)\n\t\t<\/a>\n\t\t<a href=\"https:\/\/burde.com\/se\/wp-content\/uploads\/sites\/2\/2025\/02\/Burde-Katalog-SE-Ars-2026-Bokhandel_compressed-2.pdf\" target=\"_blank\" rel=\"noopener\">\t\t\n\t\t\t\t<img decoding=\"async\" src=\"https:\/\/burde.com\/se\/wp-content\/uploads\/sites\/2\/2025\/02\/Skarmavbild-2025-02-25-kl.-11.32.48-2-848x1200.jpg\" alt=\"Sk\u00e4rmavbild 2025-02-25 kl. 11.32.48-2\" title=\"Sk\u00e4rmavbild 2025-02-25 kl. 11.32.48-2\" itemprop=\"image\"\/>\n\t\t<\/a>\t\t \n\t\t<h3><a href=\"https:\/\/burde.com\/se\/wp-content\/uploads\/sites\/2\/2025\/02\/Burde-Katalog-SE-Ars-2026-Bokhandel_compressed-2.pdf\" target=\"_blank\" rel=\"noopener\">Kalenderkollektion 2026 Bokhandel<\/a><\/h3>\n\t\t<a href=\"https:\/\/burde.com\/se\/wp-content\/uploads\/sites\/2\/2025\/02\/Burde-Katalog-SE-Ars-2026-Kontor.pdf\" target=\"_blank\" rel=\"noopener\">\t\t\n\t\t\t\t<img decoding=\"async\" src=\"https:\/\/burde.com\/se\/wp-content\/uploads\/sites\/2\/2025\/02\/Burde-Katalog-SE-Ars-2026-Kontor-2-1086x1536.jpg\" alt=\"Burde Katalog SE \u00c5rs 2026 Kontor-2\" title=\"Burde Katalog SE \u00c5rs 2026 Kontor-2\" itemprop=\"image\"\/>\n\t\t<\/a>\t\t \n\t\t<h3><a href=\"https:\/\/burde.com\/se\/wp-content\/uploads\/sites\/2\/2025\/02\/Burde-Katalog-SE-Ars-2026-Kontor.pdf\" target=\"_blank\" rel=\"noopener\">Kalenderkollektion 2026 Kontor<\/a><\/h3>\n\t\t<a href=\"https:\/\/burde.com\/se\/wp-content\/uploads\/sites\/2\/2022\/03\/Produktkatalog-JobOut-2022-SV-Low.pdf\" target=\"_blank\" rel=\"noopener\">\t\t\n\t\t\t\t<img decoding=\"async\" src=\"https:\/\/burde.com\/se\/wp-content\/uploads\/sites\/2\/2022\/03\/Framsida-Produktkatalog-JobOut-2022-SV-Low1024_1.jpg\" alt=\"Produktkatalog JobOut 2022\" title=\"Produktkatalog JobOut 2022\" itemprop=\"image\"\/>\n\t\t<\/a>\t\t \n\t\t<h3><a href=\"https:\/\/burde.com\/se\/wp-content\/uploads\/sites\/2\/2022\/03\/Produktkatalog-JobOut-2022-SV-Low.pdf\" target=\"_blank\" rel=\"noopener\">JobOut 2022<\/a><\/h3>\n\t\t<a href=\"https:\/\/burde.com\/se\/wp-content\/uploads\/sites\/2\/2021\/02\/Burde-Profil-2020.pdf?utm_source=pdf\" target=\"_blank\" rel=\"noopener\">\t\t\n\t\t\t\t<img decoding=\"async\" src=\"https:\/\/burde.com\/se\/wp-content\/uploads\/sites\/2\/2021\/02\/burde-profil-2020.jpg\" alt=\"Profilkatalog 2021\" title=\"Profilkatalog 2021\" itemprop=\"image\"\/>\n\t\t<\/a>\t\t \n\t\t<h3><a href=\"https:\/\/burde.com\/se\/wp-content\/uploads\/sites\/2\/2021\/02\/Burde-Profil-2020.pdf?utm_source=pdf\" target=\"_blank\" rel=\"noopener\">Profilkatalog<\/a><\/h3>\n<h2>\n\t\tBest\u00e4llningslistor till kontorskatalog\n\t<\/h2>\n\t\t<h4>\u00c5r 2026<\/h4>\n\t\t\t<a href=\"https:\/\/burde.com\/se\/wp-content\/uploads\/sites\/2\/2025\/06\/Prislista_Burde_2026.pdf\" title=\"Click Here\" target=\"_blank\" rel=\"noopener\" role=\"button\" aria-label=\"\u00d6ppna\">\n\t\t\t\t\t\t\t\u00d6ppna\n\t\t<\/a>\n<h2>\n\t\tLogotyper\n\t<\/h2>\n\t<p>Fler logotyper \u00e4n nedan listade finns att f\u00e5 p\u00e5 beg\u00e4ran.<\/p>\n\t\t\t\t<img decoding=\"async\" src=\"https:\/\/burde.com\/wp-content\/uploads\/2021\/04\/Burde-Logotype-Cmyk-Svart-50mm.png\" alt=\"Burde-Logotype-Cmyk-Svart-50mm.png\" itemprop=\"image\" title=\"Burde-Logotype-Cmyk-Svart-50mm.png\" onerror=\"this.style.display='none'\"  \/>\n\t\t\t\t<img decoding=\"async\" src=\"https:\/\/burde.com\/se\/wp-content\/uploads\/sites\/2\/2025\/06\/Burde-Logotype-Cmyk-Guldockra-1000mm.png\" alt=\"Burde Logotype Cmyk Guldockra 1000mm\" itemprop=\"image\" height=\"3463\" width=\"11203\" title=\"Burde Logotype Cmyk Guldockra 1000mm\" onerror=\"this.style.display='none'\"  \/>\n\t\t\t\t<img decoding=\"async\" src=\"https:\/\/burde.com\/wp-content\/uploads\/2021\/04\/Mayland-Logotype-A-Part-of-Burde-75procent-Sv-Rod.jpg\" alt=\"Mayland-Logotype-A-Part-of-Burde-75procent-Sv-Rod.jpg\" itemprop=\"image\" title=\"Mayland-Logotype-A-Part-of-Burde-75procent-Sv-Rod.jpg\" onerror=\"this.style.display='none'\"  \/>\n\t\t\t\t<img decoding=\"async\" src=\"https:\/\/burde.com\/wp-content\/uploads\/2021\/04\/Grieg_logo_RGB_skjerm.jpg\" alt=\"Grieg_logo_RGB_skjerm.jpg\" itemprop=\"image\" title=\"Grieg_logo_RGB_skjerm.jpg\" onerror=\"this.style.display='none'\"  \/>\n\t\t\t\t<img decoding=\"async\" src=\"https:\/\/burde.com\/wp-content\/uploads\/2021\/04\/JobOut-Logotype-Bla-PMS-2768.jpg\" alt=\"JobOut-Logotype-Bla-PMS-2768.jpg\" itemprop=\"image\" title=\"JobOut-Logotype-Bla-PMS-2768.jpg\" onerror=\"this.style.display='none'\"  \/>\n\t\t\t\t<img decoding=\"async\" src=\"https:\/\/burde.com\/wp-content\/uploads\/2021\/04\/Papperix-Logotype-A-Part-of-Burde-Svart.jpg\" alt=\"Papperix-Logotype-A-Part-of-Burde-Svart.jpg\" itemprop=\"image\" title=\"Papperix-Logotype-A-Part-of-Burde-Svart.jpg\" onerror=\"this.style.display='none'\"  \/>\n\n","protected":false},"excerpt":{"rendered":"<p>Kataloger, best\u00e4llningslistor &#038; media Material f\u00f6r att l\u00e4sa\/ladda ner H\u00e4r ni kan ladda hem eller bl\u00e4ddra direkt i v\u00e5ra kataloger, broschyrer, produktblad mm. Bilder \u00c5rskalendrar 2026 Filnamn med art.nr Ladda ner (.zip) Skolkalendrar 25\/26 Filnamn med art.nr Ladda ner (.zip) Stationery Filnamn med art.nr Ladda ner (.zip) Papperix Filnamn med art.nr Ladda ner (.zip) Kalenderkollektion [&hellip;]<\/p>\n","protected":false},"author":1,"featured_media":0,"parent":0,"menu_order":0,"comment_status":"closed","ping_status":"closed","template":"","meta":{"_acf_changed":false,"site-sidebar-layout":"default","site-content-layout":"default","ast-site-content-layout":"","site-content-style":"default","site-sidebar-style":"default","ast-global-header-display":"","ast-banner-title-visibility":"","ast-main-header-display":"","ast-hfb-above-header-display":"","ast-hfb-below-header-display":"","ast-hfb-mobile-header-display":"","site-post-title":"disabled","ast-breadcrumbs-content":"","ast-featured-img":"","footer-sml-layout":"","theme-transparent-header-meta":"default","adv-header-id-meta":"","stick-header-meta":"default","header-above-stick-meta":"","header-main-stick-meta":"","header-below-stick-meta":"","astra-migrate-meta-layouts":"default","ast-page-background-enabled":"default","ast-page-background-meta":{"desktop":{"background-color":"","background-image":"","background-repeat":"repeat","background-position":"center center","background-size":"auto","background-attachment":"scroll","background-type":"","background-media":"","overlay-type":"","overlay-color":"","overlay-opacity":"","overlay-gradient":""},"tablet":{"background-color":"","background-image":"","background-repeat":"repeat","background-position":"center center","background-size":"auto","background-attachment":"scroll","background-type":"","background-media":"","overlay-type":"","overlay-color":"","overlay-opacity":"","overlay-gradient":""},"mobile":{"background-color":"","background-image":"","background-repeat":"repeat","background-position":"center center","background-size":"auto","background-attachment":"scroll","background-type":"","background-media":"","overlay-type":"","overlay-color":"","overlay-opacity":"","overlay-gradient":""}},"ast-content-background-meta":{"desktop":{"background-color":"var(--ast-global-color-5)","background-image":"","background-repeat":"repeat","background-position":"center center","background-size":"auto","background-attachment":"scroll","background-type":"","background-media":"","overlay-type":"","overlay-color":"","overlay-opacity":"","overlay-gradient":""},"tablet":{"background-color":"var(--ast-global-color-5)","background-image":"","background-repeat":"repeat","background-position":"center center","background-size":"auto","background-attachment":"scroll","background-type":"","background-media":"","overlay-type":"","overlay-color":"","overlay-opacity":"","overlay-gradient":""},"mobile":{"background-color":"var(--ast-global-color-5)","background-image":"","background-repeat":"repeat","background-position":"center center","background-size":"auto","background-attachment":"scroll","background-type":"","background-media":"","overlay-type":"","overlay-color":"","overlay-opacity":"","overlay-gradient":""}},"footnotes":""},"class_list":["post-2187","page","type-page","status-publish","hentry",""],"acf":[],"_links":{"self":[{"href":"https:\/\/b2b.burde.com\/se\/wp-json\/wp\/v2\/pages\/2187"}],"collection":[{"href":"https:\/\/b2b.burde.com\/se\/wp-json\/wp\/v2\/pages"}],"about":[{"href":"https:\/\/b2b.burde.com\/se\/wp-json\/wp\/v2\/types\/page"}],"author":[{"embeddable":true,"href":"https:\/\/b2b.burde.com\/se\/wp-json\/wp\/v2\/users\/1"}],"replies":[{"embeddable":true,"href":"https:\/\/b2b.burde.com\/se\/wp-json\/wp\/v2\/comments?post=2187"}],"version-history":[{"count":63,"href":"https:\/\/b2b.burde.com\/se\/wp-json\/wp\/v2\/pages\/2187\/revisions"}],"predecessor-version":[{"id":24129,"href":"https:\/\/b2b.burde.com\/se\/wp-json\/wp\/v2\/pages\/2187\/revisions\/24129"}],"wp:attachment":[{"href":"https:\/\/b2b.burde.com\/se\/wp-json\/wp\/v2\/media?parent=2187"}],"curies":[{"name":"wp","href":"https:\/\/api.w.org\/{rel}","templated":true}]}}